{"id":52110,"date":"2022-10-12T18:38:38","date_gmt":"2022-10-12T18:38:38","guid":{"rendered":"https:\/\/www.eustismortgage.com\/hacer-un-pago\/"},"modified":"2025-07-24T21:55:21","modified_gmt":"2025-07-24T21:55:21","slug":"hacer-un-pago","status":"publish","type":"page","link":"https:\/\/eustismortgage.com\/es\/hacer-un-pago\/","title":{"rendered":"Hacer un pago"},"content":{"rendered":"\t\t<div data-elementor-type=\"wp-page\" data-elementor-id=\"52110\" class=\"elementor elementor-52110 elementor-1117\" data-elementor-settings=\"{&quot;ha_cmc_init_switcher&quot;:&quot;no&quot;}\" data-elementor-post-type=\"page\">\n\t\t\t\t\t\t<section class=\"elementor-section elementor-top-section elementor-element elementor-element-683c20d elementor-section-full_width elementor-section-height-default elementor-section-height-default\" data-id=\"683c20d\" data-element_type=\"section\" data-e-type=\"section\" data-settings=\"{&quot;_ha_eqh_enable&quot;:false}\">\n\t\t\t\t\t\t<div class=\"elementor-container elementor-column-gap-default\">\n\t\t\t\t\t<div class=\"elementor-column elementor-col-50 elementor-top-column elementor-element elementor-element-a7a3ae9\" data-id=\"a7a3ae9\" data-element_type=\"column\" data-e-type=\"column\" data-settings=\"{&quot;background_background&quot;:&quot;classic&quot;}\">\n\t\t\t<div class=\"elementor-widget-wrap elementor-element-populated\">\n\t\t\t\t\t\t<section class=\"elementor-section elementor-inner-section elementor-element elementor-element-81b555d elementor-section-boxed elementor-section-height-default elementor-section-height-default elementor-invisible\" data-id=\"81b555d\" data-element_type=\"section\" data-e-type=\"section\" data-settings=\"{&quot;animation&quot;:&quot;fadeInLeft&quot;,&quot;_ha_eqh_enable&quot;:false}\">\n\t\t\t\t\t\t<div class=\"elementor-container elementor-column-gap-default\">\n\t\t\t\t\t<div class=\"elementor-column elementor-col-100 elementor-inner-column elementor-element elementor-element-2ff961f\" data-id=\"2ff961f\" data-element_type=\"column\" data-e-type=\"column\">\n\t\t\t<div class=\"elementor-widget-wrap elementor-element-populated\">\n\t\t\t\t\t\t<div class=\"elementor-element elementor-element-f228667 hdng_lg elementor-invisible elementor-widget elementor-widget-heading\" data-id=\"f228667\" data-element_type=\"widget\" data-e-type=\"widget\" data-settings=\"{&quot;_animation&quot;:&quot;fadeInUp&quot;}\" data-widget_type=\"heading.default\">\n\t\t\t\t<div class=\"elementor-widget-container\">\n\t\t\t\t\t<h1 class=\"elementor-heading-title elementor-size-default\">Hacer un pago<\/h1>\t\t\t\t<\/div>\n\t\t\t\t<\/div>\n\t\t\t\t<div class=\"elementor-element elementor-element-e1a8776 elementor-invisible elementor-widget elementor-widget-text-editor\" data-id=\"e1a8776\" data-element_type=\"widget\" data-e-type=\"widget\" data-settings=\"{&quot;_animation&quot;:&quot;fadeInUp&quot;}\" data-widget_type=\"text-editor.default\">\n\t\t\t\t<div class=\"elementor-widget-container\">\n\t\t\t\t\t\t\t\t\t<p><em>SENCILLO. R\u00c1PIDO. SIN ESTR\u00c9S.  <\/em><\/p>\t\t\t\t\t\t\t\t<\/div>\n\t\t\t\t<\/div>\n\t\t\t\t<div class=\"elementor-element elementor-element-f9e2ea0 elementor-invisible elementor-widget elementor-widget-button\" data-id=\"f9e2ea0\" data-element_type=\"widget\" data-e-type=\"widget\" data-settings=\"{&quot;_animation&quot;:&quot;fadeInUp&quot;}\" data-widget_type=\"button.default\">\n\t\t\t\t<div class=\"elementor-widget-container\">\n\t\t\t\t\t\t\t\t\t<div class=\"elementor-button-wrapper\">\n\t\t\t\t\t<a class=\"elementor-button elementor-button-link elementor-size-lg\" href=\"https:\/\/portal.willowservicing.com\/\" target=\"_blank\">\n\t\t\t\t\t\t<span class=\"elementor-button-content-wrapper\">\n\t\t\t\t\t\t\t\t\t<span class=\"elementor-button-text\">PAGAR AHORA<\/span>\n\t\t\t\t\t<\/span>\n\t\t\t\t\t<\/a>\n\t\t\t\t<\/div>\n\t\t\t\t\t\t\t\t<\/div>\n\t\t\t\t<\/div>\n\t\t\t\t\t<\/div>\n\t\t<\/div>\n\t\t\t\t\t<\/div>\n\t\t<\/section>\n\t\t\t\t<section class=\"elementor-section elementor-inner-section elementor-element elementor-element-353fe0e elementor-section-content-bottom elementor-section-boxed elementor-section-height-default elementor-section-height-default elementor-invisible\" data-id=\"353fe0e\" data-element_type=\"section\" data-e-type=\"section\" data-settings=\"{&quot;animation&quot;:&quot;fadeInLeft&quot;,&quot;_ha_eqh_enable&quot;:false}\">\n\t\t\t\t\t\t<div class=\"elementor-container elementor-column-gap-default\">\n\t\t\t\t\t<div class=\"elementor-column elementor-col-100 elementor-inner-column elementor-element elementor-element-82ca0ee\" data-id=\"82ca0ee\" data-element_type=\"column\" data-e-type=\"column\">\n\t\t\t<div class=\"elementor-widget-wrap elementor-element-populated\">\n\t\t\t\t\t\t<div class=\"elementor-element elementor-element-2f0cbf3 elementor-widget elementor-widget-text-editor\" data-id=\"2f0cbf3\" data-element_type=\"widget\" data-e-type=\"widget\" data-widget_type=\"text-editor.default\">\n\t\t\t\t<div class=\"elementor-widget-container\">\n\t\t\t\t\t\t\t\t\t<p><span style=\"color: #117f7b;\"><span style=\"color: #515151;\">Si tienes preguntas o necesitas m\u00e1s orientaci\u00f3n sobre cualquiera de los puntos anteriores, no dudes en llamarnos al <span style=\"color: #11807a;\"><a style=\"color: #11807a;\" href=\"tel:833-269-2544\">833-269-2544<\/a><\/span> durante nuestro horario de oficina de lunes a viernes, de 8:00 a 17:00 horas CST, o env\u00edanos un correo electr\u00f3nico a <span style=\"color: #11807a;\"><a style=\"color: #11807a;\" href=\"mailto:servicing@eustismortgage.com\">servicing@eustismortgage.com<\/a><\/span><\/span><\/span><\/p>\t\t\t\t\t\t\t\t<\/div>\n\t\t\t\t<\/div>\n\t\t\t\t\t<\/div>\n\t\t<\/div>\n\t\t\t\t\t<\/div>\n\t\t<\/section>\n\t\t\t\t\t<\/div>\n\t\t<\/div>\n\t\t\t\t<div class=\"elementor-column elementor-col-50 elementor-top-column elementor-element elementor-element-2cbbf67\" data-id=\"2cbbf67\" data-element_type=\"column\" data-e-type=\"column\">\n\t\t\t<div class=\"elementor-widget-wrap elementor-element-populated\">\n\t\t\t\t\t\t<div class=\"elementor-element elementor-element-ef5e018 hdng_lg elementor-invisible elementor-widget elementor-widget-heading\" data-id=\"ef5e018\" data-element_type=\"widget\" data-e-type=\"widget\" data-settings=\"{&quot;_animation&quot;:&quot;fadeInUp&quot;}\" data-widget_type=\"heading.default\">\n\t\t\t\t<div class=\"elementor-widget-container\">\n\t\t\t\t\t<h1 class=\"elementor-heading-title elementor-size-default\">\u00bfAcabas de comprar tu nueva casa?<\/h1>\t\t\t\t<\/div>\n\t\t\t\t<\/div>\n\t\t\t\t<div class=\"elementor-element elementor-element-37dc983 elementor-invisible elementor-widget elementor-widget-text-editor\" data-id=\"37dc983\" data-element_type=\"widget\" data-e-type=\"widget\" data-settings=\"{&quot;_animation&quot;:&quot;fadeInUp&quot;}\" data-widget_type=\"text-editor.default\">\n\t\t\t\t<div class=\"elementor-widget-container\">\n\t\t\t\t\t\t\t\t\t<p>Aqu\u00ed tienes informaci\u00f3n importante que quiz\u00e1 quieras saber.<\/p>\t\t\t\t\t\t\t\t<\/div>\n\t\t\t\t<\/div>\n\t\t\t\t<div class=\"elementor-element elementor-element-b777dc7 elementor-invisible elementor-widget elementor-widget-text-editor\" data-id=\"b777dc7\" data-element_type=\"widget\" data-e-type=\"widget\" data-settings=\"{&quot;_animation&quot;:&quot;fadeInUp&quot;}\" data-widget_type=\"text-editor.default\">\n\t\t\t\t<div class=\"elementor-widget-container\">\n\t\t\t\t\t\t\t\t\t<p>En Eustis Mortgage nos esforzamos por hacer que todo el proceso de compra de una vivienda sea fluido. Hay muchas actividades que tienen lugar despu\u00e9s de que hayas firmado los documentos de cierre. El servicio de tu pr\u00e9stamo es un componente fundamental, que te ofrece la posibilidad de realizar los pagos de tu hipoteca, ver el saldo de tu hipoteca, ver tu cuenta de dep\u00f3sito en garant\u00eda (impuestos y seguros), configurar pagos autom\u00e1ticos y hacer preguntas relacionadas con tu pr\u00e9stamo hipotecario.  <\/p>\t\t\t\t\t\t\t\t<\/div>\n\t\t\t\t<\/div>\n\t\t\t\t<div class=\"elementor-element elementor-element-9e10b3f elementor-invisible elementor-widget elementor-widget-text-editor\" data-id=\"9e10b3f\" data-element_type=\"widget\" data-e-type=\"widget\" data-settings=\"{&quot;_animation&quot;:&quot;fadeInUp&quot;}\" data-widget_type=\"text-editor.default\">\n\t\t\t\t<div class=\"elementor-widget-container\">\n\t\t\t\t\t\t\t\t\t<p><span style=\"color: #11807a;\"><a style=\"color: #11807a;\" href=\"https:\/\/em.uatall.com\/es\/informacion-sobre-el-cierre-del-prestamo\/\">M\u00e1s informaci\u00f3n: Qu\u00e9 saber tras el cierre de mi pr\u00e9stamo.<\/a><\/span><\/p>\t\t\t\t\t\t\t\t<\/div>\n\t\t\t\t<\/div>\n\t\t\t\t<div class=\"elementor-element elementor-element-ff9b3f2 elementor-invisible elementor-widget elementor-widget-text-editor\" data-id=\"ff9b3f2\" data-element_type=\"widget\" data-e-type=\"widget\" data-settings=\"{&quot;_animation&quot;:&quot;fadeInRight&quot;}\" data-widget_type=\"text-editor.default\">\n\t\t\t\t<div class=\"elementor-widget-container\">\n\t\t\t\t\t\t\t\t\t<p>Nuestro departamento de cierre est\u00e1 a tu disposici\u00f3n para responder a cualquier pregunta relacionada con el pago, las fianzas y el administrador. Puedes llamarnos al <a href=\"tel:833-269-2544\"><span style=\"color: #117f7b;\">833-269-2544<\/span><\/a> o en <a href=\"mailto:servicing@eustismortgage.com\"><span style=\"color: #117f7b;\">servicing@eustismortgage.com<\/span><\/a> <\/p>\t\t\t\t\t\t\t\t<\/div>\n\t\t\t\t<\/div>\n\t\t\t\t\t<\/div>\n\t\t<\/div>\n\t\t\t\t\t<\/div>\n\t\t<\/section>\n\t\t\t\t<\/div>\n\t\t","protected":false},"excerpt":{"rendered":"<p>Hacer un pago SENCILLO. R\u00c1PIDO. SIN ESTR\u00c9S. PAGAR AHORA Si tienes preguntas o necesitas m\u00e1s orientaci\u00f3n sobre cualquiera de los puntos anteriores, no dudes en llamarnos al 833-269-2544 durante nuestro horario de oficina de lunes a viernes, de 8:00 a 17:00 horas CST, o env\u00edanos un correo electr\u00f3nico a servicing@eustismortgage.com \u00bfAcabas de comprar tu nueva [&hellip;]<\/p>\n","protected":false},"author":3,"featured_media":0,"parent":0,"menu_order":0,"comment_status":"closed","ping_status":"closed","template":"elementor_header_footer","meta":{"footnotes":""},"class_list":["post-52110","page","type-page","status-publish","hentry"],"yoast_head":"<!-- This site is optimized with the Yoast SEO plugin v27.5 - https:\/\/yoast.com\/product\/yoast-seo-wordpress\/ -->\n<title>Hacer un pago - Eustis Mortgage<\/title>\n<meta name=\"robots\" content=\"index, follow, max-snippet:-1, max-image-preview:large, max-video-preview:-1\" \/>\n<link rel=\"canonical\" href=\"https:\/\/eustismortgage.com\/es\/hacer-un-pago\/\" \/>\n<meta property=\"og:locale\" content=\"es_ES\" \/>\n<meta property=\"og:type\" content=\"article\" \/>\n<meta property=\"og:title\" content=\"Hacer un pago - Eustis Mortgage\" \/>\n<meta property=\"og:description\" content=\"Hacer un pago SENCILLO. R\u00c1PIDO. SIN ESTR\u00c9S. PAGAR AHORA Si tienes preguntas o necesitas m\u00e1s orientaci\u00f3n sobre cualquiera de los puntos anteriores, no dudes en llamarnos al 833-269-2544 durante nuestro horario de oficina de lunes a viernes, de 8:00 a 17:00 horas CST, o env\u00edanos un correo electr\u00f3nico a servicing@eustismortgage.com \u00bfAcabas de comprar tu nueva [&hellip;]\" \/>\n<meta property=\"og:url\" content=\"https:\/\/eustismortgage.com\/es\/hacer-un-pago\/\" \/>\n<meta property=\"og:site_name\" content=\"Eustis Mortgage\" \/>\n<meta property=\"article:modified_time\" content=\"2025-07-24T21:55:21+00:00\" \/>\n<meta name=\"twitter:card\" content=\"summary_large_image\" \/>\n<meta name=\"twitter:label1\" content=\"Tiempo de lectura\" \/>\n\t<meta name=\"twitter:data1\" content=\"1 minuto\" \/>\n<script type=\"application\/ld+json\" class=\"yoast-schema-graph\">{\"@context\":\"https:\\\/\\\/schema.org\",\"@graph\":[{\"@type\":\"WebPage\",\"@id\":\"https:\\\/\\\/eustismortgage.com\\\/es\\\/hacer-un-pago\\\/\",\"url\":\"https:\\\/\\\/eustismortgage.com\\\/es\\\/hacer-un-pago\\\/\",\"name\":\"Hacer un pago - Eustis Mortgage\",\"isPartOf\":{\"@id\":\"https:\\\/\\\/eustismortgage.com\\\/en\\\/#website\"},\"datePublished\":\"2022-10-12T18:38:38+00:00\",\"dateModified\":\"2025-07-24T21:55:21+00:00\",\"breadcrumb\":{\"@id\":\"https:\\\/\\\/eustismortgage.com\\\/es\\\/hacer-un-pago\\\/#breadcrumb\"},\"inLanguage\":\"es\",\"potentialAction\":[{\"@type\":\"ReadAction\",\"target\":[\"https:\\\/\\\/eustismortgage.com\\\/es\\\/hacer-un-pago\\\/\"]}]},{\"@type\":\"BreadcrumbList\",\"@id\":\"https:\\\/\\\/eustismortgage.com\\\/es\\\/hacer-un-pago\\\/#breadcrumb\",\"itemListElement\":[{\"@type\":\"ListItem\",\"position\":1,\"name\":\"Home\",\"item\":\"https:\\\/\\\/eustismortgage.com\\\/es\\\/inicio\\\/\"},{\"@type\":\"ListItem\",\"position\":2,\"name\":\"Hacer un pago\"}]},{\"@type\":\"WebSite\",\"@id\":\"https:\\\/\\\/eustismortgage.com\\\/en\\\/#website\",\"url\":\"https:\\\/\\\/eustismortgage.com\\\/en\\\/\",\"name\":\"Eustis Mortgage\",\"description\":\"EM\",\"publisher\":{\"@id\":\"https:\\\/\\\/eustismortgage.com\\\/en\\\/#organization\"},\"potentialAction\":[{\"@type\":\"SearchAction\",\"target\":{\"@type\":\"EntryPoint\",\"urlTemplate\":\"https:\\\/\\\/eustismortgage.com\\\/en\\\/?s={search_term_string}\"},\"query-input\":{\"@type\":\"PropertyValueSpecification\",\"valueRequired\":true,\"valueName\":\"search_term_string\"}}],\"inLanguage\":\"es\"},{\"@type\":\"Organization\",\"@id\":\"https:\\\/\\\/eustismortgage.com\\\/en\\\/#organization\",\"name\":\"Eustis Mortgage\",\"url\":\"https:\\\/\\\/eustismortgage.com\\\/en\\\/\",\"logo\":{\"@type\":\"ImageObject\",\"inLanguage\":\"es\",\"@id\":\"https:\\\/\\\/eustismortgage.com\\\/en\\\/#\\\/schema\\\/logo\\\/image\\\/\",\"url\":\"https:\\\/\\\/eustismortgage.com\\\/wp-content\\\/uploads\\\/2025\\\/01\\\/Eustis-Mortage-Logo.png\",\"contentUrl\":\"https:\\\/\\\/eustismortgage.com\\\/wp-content\\\/uploads\\\/2025\\\/01\\\/Eustis-Mortage-Logo.png\",\"width\":2160,\"height\":824,\"caption\":\"Eustis Mortgage\"},\"image\":{\"@id\":\"https:\\\/\\\/eustismortgage.com\\\/en\\\/#\\\/schema\\\/logo\\\/image\\\/\"}}]}<\/script>\n<!-- \/ Yoast SEO plugin. -->","yoast_head_json":{"title":"Hacer un pago - Eustis Mortgage","robots":{"index":"index","follow":"follow","max-snippet":"max-snippet:-1","max-image-preview":"max-image-preview:large","max-video-preview":"max-video-preview:-1"},"canonical":"https:\/\/eustismortgage.com\/es\/hacer-un-pago\/","og_locale":"es_ES","og_type":"article","og_title":"Hacer un pago - Eustis Mortgage","og_description":"Hacer un pago SENCILLO. R\u00c1PIDO. SIN ESTR\u00c9S. PAGAR AHORA Si tienes preguntas o necesitas m\u00e1s orientaci\u00f3n sobre cualquiera de los puntos anteriores, no dudes en llamarnos al 833-269-2544 durante nuestro horario de oficina de lunes a viernes, de 8:00 a 17:00 horas CST, o env\u00edanos un correo electr\u00f3nico a servicing@eustismortgage.com \u00bfAcabas de comprar tu nueva [&hellip;]","og_url":"https:\/\/eustismortgage.com\/es\/hacer-un-pago\/","og_site_name":"Eustis Mortgage","article_modified_time":"2025-07-24T21:55:21+00:00","twitter_card":"summary_large_image","twitter_misc":{"Tiempo de lectura":"1 minuto"},"schema":{"@context":"https:\/\/schema.org","@graph":[{"@type":"WebPage","@id":"https:\/\/eustismortgage.com\/es\/hacer-un-pago\/","url":"https:\/\/eustismortgage.com\/es\/hacer-un-pago\/","name":"Hacer un pago - Eustis Mortgage","isPartOf":{"@id":"https:\/\/eustismortgage.com\/en\/#website"},"datePublished":"2022-10-12T18:38:38+00:00","dateModified":"2025-07-24T21:55:21+00:00","breadcrumb":{"@id":"https:\/\/eustismortgage.com\/es\/hacer-un-pago\/#breadcrumb"},"inLanguage":"es","potentialAction":[{"@type":"ReadAction","target":["https:\/\/eustismortgage.com\/es\/hacer-un-pago\/"]}]},{"@type":"BreadcrumbList","@id":"https:\/\/eustismortgage.com\/es\/hacer-un-pago\/#breadcrumb","itemListElement":[{"@type":"ListItem","position":1,"name":"Home","item":"https:\/\/eustismortgage.com\/es\/inicio\/"},{"@type":"ListItem","position":2,"name":"Hacer un pago"}]},{"@type":"WebSite","@id":"https:\/\/eustismortgage.com\/en\/#website","url":"https:\/\/eustismortgage.com\/en\/","name":"Eustis Mortgage","description":"EM","publisher":{"@id":"https:\/\/eustismortgage.com\/en\/#organization"},"potentialAction":[{"@type":"SearchAction","target":{"@type":"EntryPoint","urlTemplate":"https:\/\/eustismortgage.com\/en\/?s={search_term_string}"},"query-input":{"@type":"PropertyValueSpecification","valueRequired":true,"valueName":"search_term_string"}}],"inLanguage":"es"},{"@type":"Organization","@id":"https:\/\/eustismortgage.com\/en\/#organization","name":"Eustis Mortgage","url":"https:\/\/eustismortgage.com\/en\/","logo":{"@type":"ImageObject","inLanguage":"es","@id":"https:\/\/eustismortgage.com\/en\/#\/schema\/logo\/image\/","url":"https:\/\/eustismortgage.com\/wp-content\/uploads\/2025\/01\/Eustis-Mortage-Logo.png","contentUrl":"https:\/\/eustismortgage.com\/wp-content\/uploads\/2025\/01\/Eustis-Mortage-Logo.png","width":2160,"height":824,"caption":"Eustis Mortgage"},"image":{"@id":"https:\/\/eustismortgage.com\/en\/#\/schema\/logo\/image\/"}}]}},"_links":{"self":[{"href":"https:\/\/eustismortgage.com\/es\/wp-json\/wp\/v2\/pages\/52110","targetHints":{"allow":["GET"]}}],"collection":[{"href":"https:\/\/eustismortgage.com\/es\/wp-json\/wp\/v2\/pages"}],"about":[{"href":"https:\/\/eustismortgage.com\/es\/wp-json\/wp\/v2\/types\/page"}],"author":[{"embeddable":true,"href":"https:\/\/eustismortgage.com\/es\/wp-json\/wp\/v2\/users\/3"}],"replies":[{"embeddable":true,"href":"https:\/\/eustismortgage.com\/es\/wp-json\/wp\/v2\/comments?post=52110"}],"version-history":[{"count":4,"href":"https:\/\/eustismortgage.com\/es\/wp-json\/wp\/v2\/pages\/52110\/revisions"}],"predecessor-version":[{"id":53023,"href":"https:\/\/eustismortgage.com\/es\/wp-json\/wp\/v2\/pages\/52110\/revisions\/53023"}],"wp:attachment":[{"href":"https:\/\/eustismortgage.com\/es\/wp-json\/wp\/v2\/media?parent=52110"}],"curies":[{"name":"wp","href":"https:\/\/api.w.org\/{rel}","templated":true}]}}