{"id":52106,"date":"2022-10-12T16:51:59","date_gmt":"2022-10-12T16:51:59","guid":{"rendered":"https:\/\/www.eustismortgage.com\/pagina-de-prestamos-usda\/"},"modified":"2025-07-10T17:03:42","modified_gmt":"2025-07-10T17:03:42","slug":"pagina-de-prestamos-usda","status":"publish","type":"page","link":"https:\/\/eustismortgage.com\/es\/pagina-de-prestamos-usda\/","title":{"rendered":"P\u00e1gina de pr\u00e9stamos &#8211; USDA"},"content":{"rendered":"\t\t<div data-elementor-type=\"wp-page\" data-elementor-id=\"52106\" class=\"elementor elementor-52106 elementor-1098\" data-elementor-settings=\"{&quot;ha_cmc_init_switcher&quot;:&quot;no&quot;}\" data-elementor-post-type=\"page\">\n\t\t\t\t\t\t<section class=\"elementor-section elementor-top-section elementor-element elementor-element-274a410 elementor-section-full_width elementor-section-height-default elementor-section-height-default\" data-id=\"274a410\" data-element_type=\"section\" data-e-type=\"section\" data-settings=\"{&quot;_ha_eqh_enable&quot;:false}\">\n\t\t\t\t\t\t<div class=\"elementor-container elementor-column-gap-default\">\n\t\t\t\t\t<div class=\"elementor-column elementor-col-50 elementor-top-column elementor-element elementor-element-76fce02 allloancvrcntnt\" data-id=\"76fce02\" data-element_type=\"column\" data-e-type=\"column\" data-settings=\"{&quot;background_background&quot;:&quot;classic&quot;}\">\n\t\t\t<div class=\"elementor-widget-wrap elementor-element-populated\">\n\t\t\t\t\t\t<section class=\"elementor-section elementor-inner-section elementor-element elementor-element-b54aa49 elementor-section-boxed elementor-section-height-default elementor-section-height-default\" data-id=\"b54aa49\" data-element_type=\"section\" data-e-type=\"section\" data-settings=\"{&quot;sticky&quot;:&quot;top&quot;,&quot;sticky_on&quot;:[&quot;desktop&quot;,&quot;tablet&quot;],&quot;sticky_parent&quot;:&quot;yes&quot;,&quot;_ha_eqh_enable&quot;:false,&quot;sticky_offset&quot;:0,&quot;sticky_effects_offset&quot;:0,&quot;sticky_anchor_link_offset&quot;:0}\">\n\t\t\t\t\t\t<div class=\"elementor-container elementor-column-gap-default\">\n\t\t\t\t\t<div class=\"elementor-column elementor-col-100 elementor-inner-column elementor-element elementor-element-990829c\" data-id=\"990829c\" data-element_type=\"column\" data-e-type=\"column\">\n\t\t\t<div class=\"elementor-widget-wrap elementor-element-populated\">\n\t\t\t\t\t\t<div class=\"elementor-element elementor-element-af1a25e hdng_lg elementor-invisible elementor-widget elementor-widget-heading\" data-id=\"af1a25e\" data-element_type=\"widget\" data-e-type=\"widget\" data-settings=\"{&quot;_animation&quot;:&quot;fadeInUp&quot;}\" data-widget_type=\"heading.default\">\n\t\t\t\t<div class=\"elementor-widget-container\">\n\t\t\t\t\t<h1 class=\"elementor-heading-title elementor-size-default\">USDA<\/h1>\t\t\t\t<\/div>\n\t\t\t\t<\/div>\n\t\t\t\t<div class=\"elementor-element elementor-element-1ab24c7 elementor-invisible elementor-widget elementor-widget-text-editor\" data-id=\"1ab24c7\" data-element_type=\"widget\" data-e-type=\"widget\" data-settings=\"{&quot;_animation&quot;:&quot;fadeInUp&quot;}\" data-widget_type=\"text-editor.default\">\n\t\t\t\t<div class=\"elementor-widget-container\">\n\t\t\t\t\t\t\t\t\t<p><em>0$ MENOS EN ZONAS RURALES<\/em><\/p>\t\t\t\t\t\t\t\t<\/div>\n\t\t\t\t<\/div>\n\t\t\t\t\t<\/div>\n\t\t<\/div>\n\t\t\t\t\t<\/div>\n\t\t<\/section>\n\t\t\t\t\t<\/div>\n\t\t<\/div>\n\t\t\t\t<div class=\"elementor-column elementor-col-50 elementor-top-column elementor-element elementor-element-570722f loanvideocol\" data-id=\"570722f\" data-element_type=\"column\" data-e-type=\"column\">\n\t\t\t<div class=\"elementor-widget-wrap elementor-element-populated\">\n\t\t\t\t\t\t<div class=\"elementor-element elementor-element-fd562f2 elementor-invisible elementor-widget elementor-widget-video\" data-id=\"fd562f2\" data-element_type=\"widget\" data-e-type=\"widget\" data-settings=\"{&quot;youtube_url&quot;:&quot;https:\\\/\\\/youtu.be\\\/yVpFEXfSDUo&quot;,&quot;show_image_overlay&quot;:&quot;yes&quot;,&quot;image_overlay&quot;:{&quot;url&quot;:&quot;https:\\\/\\\/uat.uatall.com\\\/wp-content\\\/uploads\\\/2023\\\/01\\\/usda.webp&quot;,&quot;id&quot;:6572,&quot;size&quot;:&quot;&quot;,&quot;alt&quot;:&quot;&quot;,&quot;source&quot;:&quot;library&quot;},&quot;lightbox&quot;:&quot;yes&quot;,&quot;_animation&quot;:&quot;fadeInRight&quot;,&quot;video_type&quot;:&quot;youtube&quot;,&quot;controls&quot;:&quot;yes&quot;}\" data-widget_type=\"video.default\">\n\t\t\t\t<div class=\"elementor-widget-container\">\n\t\t\t\t\t\t\t<div class=\"elementor-wrapper elementor-open-lightbox\">\n\t\t\t\t\t\t\t<div class=\"elementor-custom-embed-image-overlay\" data-elementor-open-lightbox=\"yes\" data-elementor-lightbox=\"{&quot;type&quot;:&quot;video&quot;,&quot;videoType&quot;:&quot;youtube&quot;,&quot;url&quot;:&quot;https:\\\/\\\/www.youtube.com\\\/embed\\\/yVpFEXfSDUo?feature=oembed&amp;start&amp;end&amp;wmode=opaque&amp;loop=0&amp;controls=1&amp;mute=0&amp;rel=0&amp;cc_load_policy=0&quot;,&quot;autoplay&quot;:&quot;&quot;,&quot;modalOptions&quot;:{&quot;id&quot;:&quot;elementor-lightbox-fd562f2&quot;,&quot;entranceAnimation&quot;:&quot;&quot;,&quot;entranceAnimation_tablet&quot;:&quot;&quot;,&quot;entranceAnimation_mobile&quot;:&quot;&quot;,&quot;videoAspectRatio&quot;:&quot;169&quot;}}\" data-e-action-hash=\"#elementor-action%3Aaction%3Dlightbox%26settings%3DeyJ0eXBlIjoidmlkZW8iLCJ2aWRlb1R5cGUiOiJ5b3V0dWJlIiwidXJsIjoiaHR0cHM6XC9cL3d3dy55b3V0dWJlLmNvbVwvZW1iZWRcL3lWcEZFWGZTRFVvP2ZlYXR1cmU9b2VtYmVkJnN0YXJ0JmVuZCZ3bW9kZT1vcGFxdWUmbG9vcD0wJmNvbnRyb2xzPTEmbXV0ZT0wJnJlbD0wJmNjX2xvYWRfcG9saWN5PTAiLCJhdXRvcGxheSI6IiIsIm1vZGFsT3B0aW9ucyI6eyJpZCI6ImVsZW1lbnRvci1saWdodGJveC1mZDU2MmYyIiwiZW50cmFuY2VBbmltYXRpb24iOiIiLCJlbnRyYW5jZUFuaW1hdGlvbl90YWJsZXQiOiIiLCJlbnRyYW5jZUFuaW1hdGlvbl9tb2JpbGUiOiIiLCJ2aWRlb0FzcGVjdFJhdGlvIjoiMTY5In19\">\n\t\t\t\t\t\t\t\t\t\t\t<img fetchpriority=\"high\" decoding=\"async\" width=\"1280\" height=\"720\" src=\"https:\/\/eustismortgage.com\/wp-content\/uploads\/2023\/01\/usda.webp\" class=\"attachment-full size-full wp-image-6572\" alt=\"\" srcset=\"https:\/\/eustismortgage.com\/wp-content\/uploads\/2023\/01\/usda.webp 1280w, https:\/\/eustismortgage.com\/wp-content\/uploads\/2023\/01\/usda-300x169.webp 300w, https:\/\/eustismortgage.com\/wp-content\/uploads\/2023\/01\/usda-1024x576.webp 1024w, https:\/\/eustismortgage.com\/wp-content\/uploads\/2023\/01\/usda-768x432.webp 768w\" sizes=\"(max-width: 1280px) 100vw, 1280px\" \/>\t\t\t\t\t\t\t\t\t\t\t\t\t\t<\/div>\n\t\t\t\t\t<\/div>\n\t\t\t\t\t\t<\/div>\n\t\t\t\t<\/div>\n\t\t\t\t<section class=\"elementor-section elementor-inner-section elementor-element elementor-element-9006a40 elementor-section-boxed elementor-section-height-default elementor-section-height-default elementor-invisible\" data-id=\"9006a40\" data-element_type=\"section\" data-e-type=\"section\" data-settings=\"{&quot;animation&quot;:&quot;fadeInUp&quot;,&quot;_ha_eqh_enable&quot;:false}\">\n\t\t\t\t\t\t<div class=\"elementor-container elementor-column-gap-default\">\n\t\t\t\t\t<div class=\"elementor-column elementor-col-100 elementor-inner-column elementor-element elementor-element-75a8fac allloan-cntnt\" data-id=\"75a8fac\" data-element_type=\"column\" data-e-type=\"column\">\n\t\t\t<div class=\"elementor-widget-wrap elementor-element-populated\">\n\t\t\t\t\t\t<div class=\"elementor-element elementor-element-b8bbe6b elementor-widget elementor-widget-heading\" data-id=\"b8bbe6b\" data-element_type=\"widget\" data-e-type=\"widget\" data-widget_type=\"heading.default\">\n\t\t\t\t<div class=\"elementor-widget-container\">\n\t\t\t\t\t<h2 class=\"elementor-heading-title elementor-size-default\">Pr\u00e9stamos USDA:<\/h2>\t\t\t\t<\/div>\n\t\t\t\t<\/div>\n\t\t\t\t<div class=\"elementor-element elementor-element-309bc0f elementor-widget elementor-widget-text-editor\" data-id=\"309bc0f\" data-element_type=\"widget\" data-e-type=\"widget\" data-widget_type=\"text-editor.default\">\n\t\t\t\t<div class=\"elementor-widget-container\">\n\t\t\t\t\t\t\t\t\t<p>M\u00e1s conocido como pr\u00e9stamo RD, este pr\u00e9stamo tambi\u00e9n est\u00e1 respaldado por el gobierno. Este pr\u00e9stamo tambi\u00e9n ofrece una financiaci\u00f3n del 100%, lo que significa que no hay pago inicial para los que cumplan los requisitos. Los fondos de donaci\u00f3n pueden utilizarse para el pago inicial o los gastos de cierre. La tasa de seguro hipotecario inicial suele ser m\u00e1s baja que la de la FHA o la VA. Tambi\u00e9n tiene las cuotas anuales de seguro hipotecario m\u00e1s bajas. La cuota inicial puede incluirse en el pr\u00e9stamo, lo que reduce los gastos de tu bolsillo al cierre. Para poder optar a este pr\u00e9stamo, la vivienda que compres debe estar en una zona designada por el USDA. El Mapa de Elegibilidad Hipotecaria del USDA te mostrar\u00e1 todas las zonas en las que puedes utilizar este pr\u00e9stamo. Es importante tener en cuenta que existen requisitos de elegibilidad de ingresos para este pr\u00e9stamo. Estos requisitos de elegibilidad de ingresos var\u00edan en funci\u00f3n de la ubicaci\u00f3n. Ponte en contacto con uno de nuestros agentes de pr\u00e9stamos para determinar la elegibilidad general.          <\/p>\t\t\t\t\t\t\t\t<\/div>\n\t\t\t\t<\/div>\n\t\t\t\t<div class=\"elementor-element elementor-element-271274a loan-btn-back elementor-widget elementor-widget-button\" data-id=\"271274a\" data-element_type=\"widget\" data-e-type=\"widget\" data-widget_type=\"button.default\">\n\t\t\t\t<div class=\"elementor-widget-container\">\n\t\t\t\t\t\t\t\t\t<div class=\"elementor-button-wrapper\">\n\t\t\t\t\t<a class=\"elementor-button elementor-button-link elementor-size-xl\" href=\"https:\/\/em.uatall.com\/es\/como-empezar\/\">\n\t\t\t\t\t\t<span class=\"elementor-button-content-wrapper\">\n\t\t\t\t\t\t\t\t\t<span class=\"elementor-button-text\">VOLVER A PR\u00c9STAMOS<\/span>\n\t\t\t\t\t<\/span>\n\t\t\t\t\t<\/a>\n\t\t\t\t<\/div>\n\t\t\t\t\t\t\t\t<\/div>\n\t\t\t\t<\/div>\n\t\t\t\t\t<\/div>\n\t\t<\/div>\n\t\t\t\t\t<\/div>\n\t\t<\/section>\n\t\t\t\t\t<\/div>\n\t\t<\/div>\n\t\t\t\t\t<\/div>\n\t\t<\/section>\n\t\t\t\t<\/div>\n\t\t","protected":false},"excerpt":{"rendered":"<p>USDA 0$ MENOS EN ZONAS RURALES https:\/\/youtu.be\/yVpFEXfSDUo Pr\u00e9stamos USDA: M\u00e1s conocido como pr\u00e9stamo RD, este pr\u00e9stamo tambi\u00e9n est\u00e1 respaldado por el gobierno. Este pr\u00e9stamo tambi\u00e9n ofrece una financiaci\u00f3n del 100%, lo que significa que no hay pago inicial para los que cumplan los requisitos. Los fondos de donaci\u00f3n pueden utilizarse para el pago inicial o [&hellip;]<\/p>\n","protected":false},"author":3,"featured_media":0,"parent":0,"menu_order":0,"comment_status":"closed","ping_status":"closed","template":"elementor_header_footer","meta":{"footnotes":""},"class_list":["post-52106","page","type-page","status-publish","hentry"],"yoast_head":"<!-- This site is optimized with the Yoast SEO plugin v27.5 - https:\/\/yoast.com\/product\/yoast-seo-wordpress\/ -->\n<title>P\u00e1gina de pr\u00e9stamos - USDA - Eustis Mortgage<\/title>\n<meta name=\"robots\" content=\"index, follow, max-snippet:-1, max-image-preview:large, max-video-preview:-1\" \/>\n<link rel=\"canonical\" href=\"https:\/\/eustismortgage.com\/es\/pagina-de-prestamos-usda\/\" \/>\n<meta property=\"og:locale\" content=\"es_ES\" \/>\n<meta property=\"og:type\" content=\"article\" \/>\n<meta property=\"og:title\" content=\"P\u00e1gina de pr\u00e9stamos - USDA - Eustis Mortgage\" \/>\n<meta property=\"og:description\" content=\"USDA 0$ MENOS EN ZONAS RURALES https:\/\/youtu.be\/yVpFEXfSDUo Pr\u00e9stamos USDA: M\u00e1s conocido como pr\u00e9stamo RD, este pr\u00e9stamo tambi\u00e9n est\u00e1 respaldado por el gobierno. Este pr\u00e9stamo tambi\u00e9n ofrece una financiaci\u00f3n del 100%, lo que significa que no hay pago inicial para los que cumplan los requisitos. Los fondos de donaci\u00f3n pueden utilizarse para el pago inicial o [&hellip;]\" \/>\n<meta property=\"og:url\" content=\"https:\/\/eustismortgage.com\/es\/pagina-de-prestamos-usda\/\" \/>\n<meta property=\"og:site_name\" content=\"Eustis Mortgage\" \/>\n<meta property=\"article:modified_time\" content=\"2025-07-10T17:03:42+00:00\" \/>\n<meta name=\"twitter:card\" content=\"summary_large_image\" \/>\n<meta name=\"twitter:label1\" content=\"Tiempo de lectura\" \/>\n\t<meta name=\"twitter:data1\" content=\"1 minuto\" \/>\n<script type=\"application\/ld+json\" class=\"yoast-schema-graph\">{\"@context\":\"https:\\\/\\\/schema.org\",\"@graph\":[{\"@type\":\"WebPage\",\"@id\":\"https:\\\/\\\/eustismortgage.com\\\/es\\\/pagina-de-prestamos-usda\\\/\",\"url\":\"https:\\\/\\\/eustismortgage.com\\\/es\\\/pagina-de-prestamos-usda\\\/\",\"name\":\"P\u00e1gina de pr\u00e9stamos - USDA - Eustis Mortgage\",\"isPartOf\":{\"@id\":\"https:\\\/\\\/eustismortgage.com\\\/en\\\/#website\"},\"datePublished\":\"2022-10-12T16:51:59+00:00\",\"dateModified\":\"2025-07-10T17:03:42+00:00\",\"breadcrumb\":{\"@id\":\"https:\\\/\\\/eustismortgage.com\\\/es\\\/pagina-de-prestamos-usda\\\/#breadcrumb\"},\"inLanguage\":\"es\",\"potentialAction\":[{\"@type\":\"ReadAction\",\"target\":[\"https:\\\/\\\/eustismortgage.com\\\/es\\\/pagina-de-prestamos-usda\\\/\"]}]},{\"@type\":\"BreadcrumbList\",\"@id\":\"https:\\\/\\\/eustismortgage.com\\\/es\\\/pagina-de-prestamos-usda\\\/#breadcrumb\",\"itemListElement\":[{\"@type\":\"ListItem\",\"position\":1,\"name\":\"Home\",\"item\":\"https:\\\/\\\/eustismortgage.com\\\/es\\\/inicio\\\/\"},{\"@type\":\"ListItem\",\"position\":2,\"name\":\"P\u00e1gina de pr\u00e9stamos &#8211; USDA\"}]},{\"@type\":\"WebSite\",\"@id\":\"https:\\\/\\\/eustismortgage.com\\\/en\\\/#website\",\"url\":\"https:\\\/\\\/eustismortgage.com\\\/en\\\/\",\"name\":\"Eustis Mortgage\",\"description\":\"EM\",\"publisher\":{\"@id\":\"https:\\\/\\\/eustismortgage.com\\\/en\\\/#organization\"},\"potentialAction\":[{\"@type\":\"SearchAction\",\"target\":{\"@type\":\"EntryPoint\",\"urlTemplate\":\"https:\\\/\\\/eustismortgage.com\\\/en\\\/?s={search_term_string}\"},\"query-input\":{\"@type\":\"PropertyValueSpecification\",\"valueRequired\":true,\"valueName\":\"search_term_string\"}}],\"inLanguage\":\"es\"},{\"@type\":\"Organization\",\"@id\":\"https:\\\/\\\/eustismortgage.com\\\/en\\\/#organization\",\"name\":\"Eustis Mortgage\",\"url\":\"https:\\\/\\\/eustismortgage.com\\\/en\\\/\",\"logo\":{\"@type\":\"ImageObject\",\"inLanguage\":\"es\",\"@id\":\"https:\\\/\\\/eustismortgage.com\\\/en\\\/#\\\/schema\\\/logo\\\/image\\\/\",\"url\":\"https:\\\/\\\/eustismortgage.com\\\/wp-content\\\/uploads\\\/2025\\\/01\\\/Eustis-Mortage-Logo.png\",\"contentUrl\":\"https:\\\/\\\/eustismortgage.com\\\/wp-content\\\/uploads\\\/2025\\\/01\\\/Eustis-Mortage-Logo.png\",\"width\":2160,\"height\":824,\"caption\":\"Eustis Mortgage\"},\"image\":{\"@id\":\"https:\\\/\\\/eustismortgage.com\\\/en\\\/#\\\/schema\\\/logo\\\/image\\\/\"}}]}<\/script>\n<!-- \/ Yoast SEO plugin. -->","yoast_head_json":{"title":"P\u00e1gina de pr\u00e9stamos - USDA - Eustis Mortgage","robots":{"index":"index","follow":"follow","max-snippet":"max-snippet:-1","max-image-preview":"max-image-preview:large","max-video-preview":"max-video-preview:-1"},"canonical":"https:\/\/eustismortgage.com\/es\/pagina-de-prestamos-usda\/","og_locale":"es_ES","og_type":"article","og_title":"P\u00e1gina de pr\u00e9stamos - USDA - Eustis Mortgage","og_description":"USDA 0$ MENOS EN ZONAS RURALES https:\/\/youtu.be\/yVpFEXfSDUo Pr\u00e9stamos USDA: M\u00e1s conocido como pr\u00e9stamo RD, este pr\u00e9stamo tambi\u00e9n est\u00e1 respaldado por el gobierno. Este pr\u00e9stamo tambi\u00e9n ofrece una financiaci\u00f3n del 100%, lo que significa que no hay pago inicial para los que cumplan los requisitos. Los fondos de donaci\u00f3n pueden utilizarse para el pago inicial o [&hellip;]","og_url":"https:\/\/eustismortgage.com\/es\/pagina-de-prestamos-usda\/","og_site_name":"Eustis Mortgage","article_modified_time":"2025-07-10T17:03:42+00:00","twitter_card":"summary_large_image","twitter_misc":{"Tiempo de lectura":"1 minuto"},"schema":{"@context":"https:\/\/schema.org","@graph":[{"@type":"WebPage","@id":"https:\/\/eustismortgage.com\/es\/pagina-de-prestamos-usda\/","url":"https:\/\/eustismortgage.com\/es\/pagina-de-prestamos-usda\/","name":"P\u00e1gina de pr\u00e9stamos - USDA - Eustis Mortgage","isPartOf":{"@id":"https:\/\/eustismortgage.com\/en\/#website"},"datePublished":"2022-10-12T16:51:59+00:00","dateModified":"2025-07-10T17:03:42+00:00","breadcrumb":{"@id":"https:\/\/eustismortgage.com\/es\/pagina-de-prestamos-usda\/#breadcrumb"},"inLanguage":"es","potentialAction":[{"@type":"ReadAction","target":["https:\/\/eustismortgage.com\/es\/pagina-de-prestamos-usda\/"]}]},{"@type":"BreadcrumbList","@id":"https:\/\/eustismortgage.com\/es\/pagina-de-prestamos-usda\/#breadcrumb","itemListElement":[{"@type":"ListItem","position":1,"name":"Home","item":"https:\/\/eustismortgage.com\/es\/inicio\/"},{"@type":"ListItem","position":2,"name":"P\u00e1gina de pr\u00e9stamos &#8211; USDA"}]},{"@type":"WebSite","@id":"https:\/\/eustismortgage.com\/en\/#website","url":"https:\/\/eustismortgage.com\/en\/","name":"Eustis Mortgage","description":"EM","publisher":{"@id":"https:\/\/eustismortgage.com\/en\/#organization"},"potentialAction":[{"@type":"SearchAction","target":{"@type":"EntryPoint","urlTemplate":"https:\/\/eustismortgage.com\/en\/?s={search_term_string}"},"query-input":{"@type":"PropertyValueSpecification","valueRequired":true,"valueName":"search_term_string"}}],"inLanguage":"es"},{"@type":"Organization","@id":"https:\/\/eustismortgage.com\/en\/#organization","name":"Eustis Mortgage","url":"https:\/\/eustismortgage.com\/en\/","logo":{"@type":"ImageObject","inLanguage":"es","@id":"https:\/\/eustismortgage.com\/en\/#\/schema\/logo\/image\/","url":"https:\/\/eustismortgage.com\/wp-content\/uploads\/2025\/01\/Eustis-Mortage-Logo.png","contentUrl":"https:\/\/eustismortgage.com\/wp-content\/uploads\/2025\/01\/Eustis-Mortage-Logo.png","width":2160,"height":824,"caption":"Eustis Mortgage"},"image":{"@id":"https:\/\/eustismortgage.com\/en\/#\/schema\/logo\/image\/"}}]}},"_links":{"self":[{"href":"https:\/\/eustismortgage.com\/es\/wp-json\/wp\/v2\/pages\/52106","targetHints":{"allow":["GET"]}}],"collection":[{"href":"https:\/\/eustismortgage.com\/es\/wp-json\/wp\/v2\/pages"}],"about":[{"href":"https:\/\/eustismortgage.com\/es\/wp-json\/wp\/v2\/types\/page"}],"author":[{"embeddable":true,"href":"https:\/\/eustismortgage.com\/es\/wp-json\/wp\/v2\/users\/3"}],"replies":[{"embeddable":true,"href":"https:\/\/eustismortgage.com\/es\/wp-json\/wp\/v2\/comments?post=52106"}],"version-history":[{"count":3,"href":"https:\/\/eustismortgage.com\/es\/wp-json\/wp\/v2\/pages\/52106\/revisions"}],"predecessor-version":[{"id":52128,"href":"https:\/\/eustismortgage.com\/es\/wp-json\/wp\/v2\/pages\/52106\/revisions\/52128"}],"wp:attachment":[{"href":"https:\/\/eustismortgage.com\/es\/wp-json\/wp\/v2\/media?parent=52106"}],"curies":[{"name":"wp","href":"https:\/\/api.w.org\/{rel}","templated":true}]}}