{"id":51312,"date":"2024-11-25T18:29:08","date_gmt":"2024-11-25T18:29:08","guid":{"rendered":"https:\/\/www.eustismortgage.com\/preguntas-frecuentes\/"},"modified":"2025-07-02T14:34:31","modified_gmt":"2025-07-02T14:34:31","slug":"preguntas-frecuentes","status":"publish","type":"page","link":"https:\/\/eustismortgage.com\/es\/preguntas-frecuentes\/","title":{"rendered":"PREGUNTAS FRECUENTES"},"content":{"rendered":"\t\t<div data-elementor-type=\"wp-page\" data-elementor-id=\"51312\" class=\"elementor elementor-51312 elementor-47159\" data-elementor-settings=\"{&quot;ha_cmc_init_switcher&quot;:&quot;no&quot;}\" data-elementor-post-type=\"page\">\n\t\t\t\t\t\t<section class=\"elementor-section elementor-top-section elementor-element elementor-element-1c5f45bd elementor-section-boxed elementor-section-height-default elementor-section-height-default\" data-id=\"1c5f45bd\" data-element_type=\"section\" data-e-type=\"section\" id=\"faq\" data-settings=\"{&quot;_ha_eqh_enable&quot;:false}\">\n\t\t\t\t\t\t<div class=\"elementor-container elementor-column-gap-default\">\n\t\t\t\t\t<div class=\"elementor-column elementor-col-100 elementor-top-column elementor-element elementor-element-610edb1d\" data-id=\"610edb1d\" data-element_type=\"column\" data-e-type=\"column\">\n\t\t\t<div class=\"elementor-widget-wrap elementor-element-populated\">\n\t\t\t\t\t\t<div class=\"elementor-element elementor-element-47c90bc9 hdng_lg elementor-invisible elementor-widget elementor-widget-heading\" data-id=\"47c90bc9\" data-element_type=\"widget\" data-e-type=\"widget\" data-settings=\"{&quot;_animation&quot;:&quot;fadeInUp&quot;}\" data-widget_type=\"heading.default\">\n\t\t\t\t<div class=\"elementor-widget-container\">\n\t\t\t\t\t<h1 class=\"elementor-heading-title elementor-size-default\">PREGUNTAS FRECUENTES<\/h1>\t\t\t\t<\/div>\n\t\t\t\t<\/div>\n\t\t\t\t<div class=\"elementor-element elementor-element-52dc7323 elementor-invisible elementor-widget elementor-widget-text-editor\" data-id=\"52dc7323\" data-element_type=\"widget\" data-e-type=\"widget\" data-settings=\"{&quot;_animation&quot;:&quot;fadeInUp&quot;}\" data-widget_type=\"text-editor.default\">\n\t\t\t\t<div class=\"elementor-widget-container\">\n\t\t\t\t\t\t\t\t\t<p><strong>\u00bfPor qu\u00e9 es importante pagar mi hipoteca a tiempo?<\/strong><\/p><p>Normalmente, tu pago vence el d\u00eda 1 de cada mes y se considera atrasado el<sup>d\u00eda 16<\/sup> de cada mes. Si un impago supera los 30 d\u00edas o el final de un mes, puede ser comunicado a las agencias de cr\u00e9dito, lo que puede afectar negativamente a tu puntuaci\u00f3n crediticia, as\u00ed como a la posibilidad de obtener pronto una hipoteca. Establecer un pago autom\u00e1tico puede ayudarte a evitar cualquier retraso en los pagos.<\/p><p><strong>\u00bfQu\u00e9 es un pr\u00e9stamo convencional?<\/strong><\/p><p>Un pr\u00e9stamo convencional proporciona flexibilidad con tu pago inicial junto con un tipo de inter\u00e9s fijo o variable. Un pr\u00e9stamo convencional ofrece varias condiciones diferentes para ayudarte a gestionar tanto el pago mensual como la cantidad de capital que se aplica al pr\u00e9stamo cada mes. Una ventaja de un pr\u00e9stamo convencional es que si das una entrada del 20% o m\u00e1s, no tienes que pagar el seguro hipotecario. Aunque el seguro hipotecario es un factor con un pago inicial inferior al 20%, las condiciones siguen siendo flexibles. Los pr\u00e9stamos convencionales pueden utilizarlos tanto los compradores de vivienda por primera vez como los compradores experimentados. Los regalos son aceptables a la hora de optar a un pr\u00e9stamo convencional. Normalmente, el tipo de inter\u00e9s de un pr\u00e9stamo Convencional es m\u00e1s bajo que el de los productos de pr\u00e9stamo del Gobierno. Como ocurre con la mayor\u00eda de los productos hipotecarios, en el proceso de concesi\u00f3n se tienen en cuenta tu puntuaci\u00f3n crediticia y tu ratio deuda-ingresos. Se puede utilizar una segunda hipoteca (HELOC o HELOAN) con un pr\u00e9stamo convencional para reducir el pago inicial y, a veces, evitar el pago del seguro hipotecario.<\/p><p><strong>\u00bfQu\u00e9 es un pr\u00e9stamo FHA?<\/strong><\/p><p>Un pr\u00e9stamo de la FHA est\u00e1 m\u00e1s orientado a un prestatario que busca un pago inicial m\u00e1s bajo, as\u00ed como flexibilidad con los requisitos de puntuaci\u00f3n de cr\u00e9dito y ratio deuda-ingresos. Un pr\u00e9stamo FHA es popular entre los compradores de vivienda por primera vez. Este pr\u00e9stamo est\u00e1 respaldado por la Administraci\u00f3n Federal de la Vivienda, lo que proporciona al prestamista la oportunidad de ayudar a m\u00e1s prestatarios en el proceso de compra de una vivienda. Una caracter\u00edstica popular de este pr\u00e9stamo es la posibilidad de obtenerlo con s\u00f3lo un 3,5% de entrada. Se aceptan donaciones para ayudarte a pagar la entrada y los gastos de cierre.<\/p><p><strong>\u00bfQu\u00e9 es un pr\u00e9stamo VA?<\/strong><\/p><p>Un pr\u00e9stamo VA es un beneficio estupendo para los veteranos, miembros en activo y reservistas en activo que cumplan los requisitos. Ante todo, queremos agradecerte tu servicio y sacrificio por nuestro pa\u00eds. Este producto de pr\u00e9stamo ofrece una financiaci\u00f3n del 100%, \u00a1lo que significa que no hay que pagar entrada! Los fondos de regalo tambi\u00e9n pueden utilizarse para los gastos de cierre. Este pr\u00e9stamo est\u00e1 respaldado por el Departamento de Asuntos de Veteranos. Un pr\u00e9stamo VA es diferente de otros pr\u00e9stamos del gobierno porque no hay seguro hipotecario mensual ni anual. Los requisitos flexibles de puntuaci\u00f3n crediticia y de deuda-ingresos ofrecen la oportunidad de acceder a ellos a m\u00e1s miembros del servicio. Se requiere un Certificado de Elegibilidad para poder optar a este pr\u00e9stamo.<\/p><p><strong>\u00bfQu\u00e9 es un pr\u00e9stamo USDA?<\/strong><\/p><p>M\u00e1s conocido como pr\u00e9stamo RD, este pr\u00e9stamo tambi\u00e9n est\u00e1 respaldado por el gobierno. Este pr\u00e9stamo tambi\u00e9n ofrece una financiaci\u00f3n del 100%, lo que significa que no hay pago inicial para los que cumplan los requisitos. Los fondos de donaci\u00f3n pueden utilizarse para el pago inicial o los gastos de cierre. La tasa de seguro hipotecario inicial suele ser m\u00e1s baja que la de la FHA o la VA. Tambi\u00e9n tiene las cuotas anuales de seguro hipotecario m\u00e1s bajas. La cuota inicial puede incluirse en el pr\u00e9stamo, lo que reduce los gastos de tu bolsillo al cierre. Para poder optar a este pr\u00e9stamo, la vivienda que compres debe estar en una zona designada por el USDA. El Mapa de Elegibilidad Hipotecaria del USDA te mostrar\u00e1 todas las zonas en las que puedes utilizar este pr\u00e9stamo. Es importante tener en cuenta que existen requisitos de elegibilidad de ingresos para este pr\u00e9stamo. Estos requisitos de elegibilidad de ingresos var\u00edan en funci\u00f3n de la ubicaci\u00f3n. Ponte en contacto con uno de nuestros agentes de pr\u00e9stamos para determinar la elegibilidad general.<\/p><p><strong>\u00bfQu\u00e9 son los pr\u00e9stamos Renove?<\/strong><\/p><p>Existen distintos tipos de pr\u00e9stamos para reformas, tanto convencionales como respaldados por el gobierno. Estos pr\u00e9stamos te permiten mejorar una propiedad de muchas maneras, ya sea remodelando, reparando, haciendo cambios estructurales, ajardinando, mejorando los servicios p\u00fablicos y mucho m\u00e1s. Un pr\u00e9stamo para reformas te permite acumular el coste de todas las reformas y mejoras permitidas en un \u00fanico cierre. Este cierre tiene lugar antes de que comience el trabajo real. Se establece una plica de reparaci\u00f3n, y los fondos se entregan al contratista una vez finalizada e inspeccionada la obra. Un pr\u00e9stamo para reformas puede utilizarse en una propiedad existente de tu propiedad o en la compra de una propiedad que necesite reparaciones. Se aplican requisitos de puntuaci\u00f3n crediticia y relaci\u00f3n deuda-ingresos.<\/p><p><strong>\u00bfQu\u00e9 es un pr\u00e9stamo Jumbo?<\/strong><\/p><p>Puede que hayas o\u00eddo referirse a estos pr\u00e9stamos como pr\u00e9stamos no conformes. Un pr\u00e9stamo Jumbo supera los l\u00edmites conformes establecidos por la Agencia Federal de Financiaci\u00f3n de la Vivienda. Los requisitos crediticios y de ratio deuda-ingresos suelen ser m\u00e1s estrictos a la hora de optar a este tipo de pr\u00e9stamo.<\/p><p><strong>\u00bfQu\u00e9 son los Activos?<\/strong><\/p><p>Los activos son objetos personales de valor. Los activos m\u00e1s comunes son el dinero en efectivo en una cuenta corriente o de ahorros, una cuenta IRA, acciones, bonos, pensiones y 401K. Los activos f\u00edsicos pueden incluir bienes inmuebles, barcos, coches y joyas. Estos tipos de activos pueden solicitarse al rellenar tu solicitud de pr\u00e9stamo hipotecario.<\/p><p><strong>\u00bfQu\u00e9 es un pr\u00e9stamo puente?<\/strong><\/p><p>Un Pr\u00e9stamo Puente suele ser un pr\u00e9stamo temporal vinculado a otro bien inmueble de tu propiedad. Este pr\u00e9stamo temporal puede utilizarse para ayudar a comprar una nueva vivienda conservando el otro bien inmueble.<\/p><p><strong>\u00bfQu\u00e9 son los Puntos de descuento?<\/strong><\/p><p>Normalmente, un punto de descuento es una comisi\u00f3n que pagas por un tipo de inter\u00e9s m\u00e1s bajo.<\/p><p><strong>\u00bfQu\u00e9 son las concesiones del vendedor?<\/strong><\/p><p>Las concesiones del vendedor son gastos de cierre del prestatario que el vendedor se compromete a pagar en el momento del cierre. Este importe suele acordarse durante las negociaciones del contrato.<\/p>\t\t\t\t\t\t\t\t<\/div>\n\t\t\t\t<\/div>\n\t\t\t\t\t<\/div>\n\t\t<\/div>\n\t\t\t\t\t<\/div>\n\t\t<\/section>\n\t\t\t\t<\/div>\n\t\t","protected":false},"excerpt":{"rendered":"<p>PREGUNTAS FRECUENTES \u00bfPor qu\u00e9 es importante pagar mi hipoteca a tiempo? Normalmente, tu pago vence el d\u00eda 1 de cada mes y se considera atrasado eld\u00eda 16 de cada mes. Si un impago supera los 30 d\u00edas o el final de un mes, puede ser comunicado a las agencias de cr\u00e9dito, lo que puede afectar [&hellip;]<\/p>\n","protected":false},"author":2,"featured_media":0,"parent":0,"menu_order":0,"comment_status":"closed","ping_status":"closed","template":"","meta":{"footnotes":""},"class_list":["post-51312","page","type-page","status-publish","hentry"],"yoast_head":"<!-- This site is optimized with the Yoast SEO plugin v27.5 - https:\/\/yoast.com\/product\/yoast-seo-wordpress\/ -->\n<title>PREGUNTAS FRECUENTES - Eustis Mortgage<\/title>\n<meta name=\"robots\" content=\"index, follow, max-snippet:-1, max-image-preview:large, max-video-preview:-1\" \/>\n<link rel=\"canonical\" href=\"https:\/\/eustismortgage.com\/es\/preguntas-frecuentes\/\" \/>\n<meta property=\"og:locale\" content=\"es_ES\" \/>\n<meta property=\"og:type\" content=\"article\" \/>\n<meta property=\"og:title\" content=\"PREGUNTAS FRECUENTES - Eustis Mortgage\" \/>\n<meta property=\"og:description\" content=\"PREGUNTAS FRECUENTES \u00bfPor qu\u00e9 es importante pagar mi hipoteca a tiempo? Normalmente, tu pago vence el d\u00eda 1 de cada mes y se considera atrasado eld\u00eda 16 de cada mes. Si un impago supera los 30 d\u00edas o el final de un mes, puede ser comunicado a las agencias de cr\u00e9dito, lo que puede afectar [&hellip;]\" \/>\n<meta property=\"og:url\" content=\"https:\/\/eustismortgage.com\/es\/preguntas-frecuentes\/\" \/>\n<meta property=\"og:site_name\" content=\"Eustis Mortgage\" \/>\n<meta property=\"article:modified_time\" content=\"2025-07-02T14:34:31+00:00\" \/>\n<meta name=\"twitter:card\" content=\"summary_large_image\" \/>\n<meta name=\"twitter:label1\" content=\"Tiempo de lectura\" \/>\n\t<meta name=\"twitter:data1\" content=\"6 minutos\" \/>\n<script type=\"application\/ld+json\" class=\"yoast-schema-graph\">{\"@context\":\"https:\\\/\\\/schema.org\",\"@graph\":[{\"@type\":\"WebPage\",\"@id\":\"https:\\\/\\\/eustismortgage.com\\\/es\\\/preguntas-frecuentes\\\/\",\"url\":\"https:\\\/\\\/eustismortgage.com\\\/es\\\/preguntas-frecuentes\\\/\",\"name\":\"PREGUNTAS FRECUENTES - Eustis Mortgage\",\"isPartOf\":{\"@id\":\"https:\\\/\\\/eustismortgage.com\\\/en\\\/#website\"},\"datePublished\":\"2024-11-25T18:29:08+00:00\",\"dateModified\":\"2025-07-02T14:34:31+00:00\",\"breadcrumb\":{\"@id\":\"https:\\\/\\\/eustismortgage.com\\\/es\\\/preguntas-frecuentes\\\/#breadcrumb\"},\"inLanguage\":\"es\",\"potentialAction\":[{\"@type\":\"ReadAction\",\"target\":[\"https:\\\/\\\/eustismortgage.com\\\/es\\\/preguntas-frecuentes\\\/\"]}]},{\"@type\":\"BreadcrumbList\",\"@id\":\"https:\\\/\\\/eustismortgage.com\\\/es\\\/preguntas-frecuentes\\\/#breadcrumb\",\"itemListElement\":[{\"@type\":\"ListItem\",\"position\":1,\"name\":\"Home\",\"item\":\"https:\\\/\\\/eustismortgage.com\\\/es\\\/inicio\\\/\"},{\"@type\":\"ListItem\",\"position\":2,\"name\":\"PREGUNTAS FRECUENTES\"}]},{\"@type\":\"WebSite\",\"@id\":\"https:\\\/\\\/eustismortgage.com\\\/en\\\/#website\",\"url\":\"https:\\\/\\\/eustismortgage.com\\\/en\\\/\",\"name\":\"Eustis Mortgage\",\"description\":\"EM\",\"publisher\":{\"@id\":\"https:\\\/\\\/eustismortgage.com\\\/en\\\/#organization\"},\"potentialAction\":[{\"@type\":\"SearchAction\",\"target\":{\"@type\":\"EntryPoint\",\"urlTemplate\":\"https:\\\/\\\/eustismortgage.com\\\/en\\\/?s={search_term_string}\"},\"query-input\":{\"@type\":\"PropertyValueSpecification\",\"valueRequired\":true,\"valueName\":\"search_term_string\"}}],\"inLanguage\":\"es\"},{\"@type\":\"Organization\",\"@id\":\"https:\\\/\\\/eustismortgage.com\\\/en\\\/#organization\",\"name\":\"Eustis Mortgage\",\"url\":\"https:\\\/\\\/eustismortgage.com\\\/en\\\/\",\"logo\":{\"@type\":\"ImageObject\",\"inLanguage\":\"es\",\"@id\":\"https:\\\/\\\/eustismortgage.com\\\/en\\\/#\\\/schema\\\/logo\\\/image\\\/\",\"url\":\"https:\\\/\\\/eustismortgage.com\\\/wp-content\\\/uploads\\\/2025\\\/01\\\/Eustis-Mortage-Logo.png\",\"contentUrl\":\"https:\\\/\\\/eustismortgage.com\\\/wp-content\\\/uploads\\\/2025\\\/01\\\/Eustis-Mortage-Logo.png\",\"width\":2160,\"height\":824,\"caption\":\"Eustis Mortgage\"},\"image\":{\"@id\":\"https:\\\/\\\/eustismortgage.com\\\/en\\\/#\\\/schema\\\/logo\\\/image\\\/\"}}]}<\/script>\n<!-- \/ Yoast SEO plugin. -->","yoast_head_json":{"title":"PREGUNTAS FRECUENTES - Eustis Mortgage","robots":{"index":"index","follow":"follow","max-snippet":"max-snippet:-1","max-image-preview":"max-image-preview:large","max-video-preview":"max-video-preview:-1"},"canonical":"https:\/\/eustismortgage.com\/es\/preguntas-frecuentes\/","og_locale":"es_ES","og_type":"article","og_title":"PREGUNTAS FRECUENTES - Eustis Mortgage","og_description":"PREGUNTAS FRECUENTES \u00bfPor qu\u00e9 es importante pagar mi hipoteca a tiempo? Normalmente, tu pago vence el d\u00eda 1 de cada mes y se considera atrasado eld\u00eda 16 de cada mes. Si un impago supera los 30 d\u00edas o el final de un mes, puede ser comunicado a las agencias de cr\u00e9dito, lo que puede afectar [&hellip;]","og_url":"https:\/\/eustismortgage.com\/es\/preguntas-frecuentes\/","og_site_name":"Eustis Mortgage","article_modified_time":"2025-07-02T14:34:31+00:00","twitter_card":"summary_large_image","twitter_misc":{"Tiempo de lectura":"6 minutos"},"schema":{"@context":"https:\/\/schema.org","@graph":[{"@type":"WebPage","@id":"https:\/\/eustismortgage.com\/es\/preguntas-frecuentes\/","url":"https:\/\/eustismortgage.com\/es\/preguntas-frecuentes\/","name":"PREGUNTAS FRECUENTES - Eustis Mortgage","isPartOf":{"@id":"https:\/\/eustismortgage.com\/en\/#website"},"datePublished":"2024-11-25T18:29:08+00:00","dateModified":"2025-07-02T14:34:31+00:00","breadcrumb":{"@id":"https:\/\/eustismortgage.com\/es\/preguntas-frecuentes\/#breadcrumb"},"inLanguage":"es","potentialAction":[{"@type":"ReadAction","target":["https:\/\/eustismortgage.com\/es\/preguntas-frecuentes\/"]}]},{"@type":"BreadcrumbList","@id":"https:\/\/eustismortgage.com\/es\/preguntas-frecuentes\/#breadcrumb","itemListElement":[{"@type":"ListItem","position":1,"name":"Home","item":"https:\/\/eustismortgage.com\/es\/inicio\/"},{"@type":"ListItem","position":2,"name":"PREGUNTAS FRECUENTES"}]},{"@type":"WebSite","@id":"https:\/\/eustismortgage.com\/en\/#website","url":"https:\/\/eustismortgage.com\/en\/","name":"Eustis Mortgage","description":"EM","publisher":{"@id":"https:\/\/eustismortgage.com\/en\/#organization"},"potentialAction":[{"@type":"SearchAction","target":{"@type":"EntryPoint","urlTemplate":"https:\/\/eustismortgage.com\/en\/?s={search_term_string}"},"query-input":{"@type":"PropertyValueSpecification","valueRequired":true,"valueName":"search_term_string"}}],"inLanguage":"es"},{"@type":"Organization","@id":"https:\/\/eustismortgage.com\/en\/#organization","name":"Eustis Mortgage","url":"https:\/\/eustismortgage.com\/en\/","logo":{"@type":"ImageObject","inLanguage":"es","@id":"https:\/\/eustismortgage.com\/en\/#\/schema\/logo\/image\/","url":"https:\/\/eustismortgage.com\/wp-content\/uploads\/2025\/01\/Eustis-Mortage-Logo.png","contentUrl":"https:\/\/eustismortgage.com\/wp-content\/uploads\/2025\/01\/Eustis-Mortage-Logo.png","width":2160,"height":824,"caption":"Eustis Mortgage"},"image":{"@id":"https:\/\/eustismortgage.com\/en\/#\/schema\/logo\/image\/"}}]}},"_links":{"self":[{"href":"https:\/\/eustismortgage.com\/es\/wp-json\/wp\/v2\/pages\/51312","targetHints":{"allow":["GET"]}}],"collection":[{"href":"https:\/\/eustismortgage.com\/es\/wp-json\/wp\/v2\/pages"}],"about":[{"href":"https:\/\/eustismortgage.com\/es\/wp-json\/wp\/v2\/types\/page"}],"author":[{"embeddable":true,"href":"https:\/\/eustismortgage.com\/es\/wp-json\/wp\/v2\/users\/2"}],"replies":[{"embeddable":true,"href":"https:\/\/eustismortgage.com\/es\/wp-json\/wp\/v2\/comments?post=51312"}],"version-history":[{"count":8,"href":"https:\/\/eustismortgage.com\/es\/wp-json\/wp\/v2\/pages\/51312\/revisions"}],"predecessor-version":[{"id":52056,"href":"https:\/\/eustismortgage.com\/es\/wp-json\/wp\/v2\/pages\/51312\/revisions\/52056"}],"wp:attachment":[{"href":"https:\/\/eustismortgage.com\/es\/wp-json\/wp\/v2\/media?parent=51312"}],"curies":[{"name":"wp","href":"https:\/\/api.w.org\/{rel}","templated":true}]}}