{"id":51309,"date":"2024-11-08T15:00:54","date_gmt":"2024-11-08T15:00:54","guid":{"rendered":"https:\/\/www.eustismortgage.com\/como-evitar-ofertas-no-solicitadas-de-otros-prestamistas\/"},"modified":"2025-07-24T19:47:47","modified_gmt":"2025-07-24T19:47:47","slug":"como-evitar-ofertas-no-solicitadas-de-otros-prestamistas","status":"publish","type":"page","link":"https:\/\/eustismortgage.com\/es\/como-evitar-ofertas-no-solicitadas-de-otros-prestamistas\/","title":{"rendered":"C\u00d3MO EVITAR OFERTAS NO SOLICITADAS DE OTROS PRESTAMISTAS"},"content":{"rendered":"\t\t<div data-elementor-type=\"wp-page\" data-elementor-id=\"51309\" class=\"elementor elementor-51309 elementor-47074\" data-elementor-settings=\"{&quot;ha_cmc_init_switcher&quot;:&quot;no&quot;}\" data-elementor-post-type=\"page\">\n\t\t\t\t\t\t<section class=\"elementor-section elementor-top-section elementor-element elementor-element-830eb32 elementor-section-content-bottom elementor-section-boxed elementor-section-height-default elementor-section-height-default\" data-id=\"830eb32\" data-element_type=\"section\" data-e-type=\"section\" data-settings=\"{&quot;_ha_eqh_enable&quot;:false}\">\n\t\t\t\t\t\t<div class=\"elementor-container elementor-column-gap-default\">\n\t\t\t\t\t<div class=\"elementor-column elementor-col-100 elementor-top-column elementor-element elementor-element-ce4a036\" data-id=\"ce4a036\" data-element_type=\"column\" data-e-type=\"column\">\n\t\t\t<div class=\"elementor-widget-wrap elementor-element-populated\">\n\t\t\t\t\t\t<div class=\"elementor-element elementor-element-6f34384 hdng_lg elementor-invisible elementor-widget elementor-widget-heading\" data-id=\"6f34384\" data-element_type=\"widget\" data-e-type=\"widget\" data-settings=\"{&quot;_animation&quot;:&quot;fadeInUp&quot;}\" data-widget_type=\"heading.default\">\n\t\t\t\t<div class=\"elementor-widget-container\">\n\t\t\t\t\t<h1 class=\"elementor-heading-title elementor-size-default\">C\u00d3MO EVITAR OFERTAS NO SOLICITADAS DE OTROS PRESTAMISTAS<\/h1>\t\t\t\t<\/div>\n\t\t\t\t<\/div>\n\t\t\t\t\t<\/div>\n\t\t<\/div>\n\t\t\t\t\t<\/div>\n\t\t<\/section>\n\t\t\t\t<section class=\"elementor-section elementor-top-section elementor-element elementor-element-953c2a6 elementor-section-boxed elementor-section-height-default elementor-section-height-default\" data-id=\"953c2a6\" data-element_type=\"section\" data-e-type=\"section\" data-settings=\"{&quot;_ha_eqh_enable&quot;:false}\">\n\t\t\t\t\t\t<div class=\"elementor-container elementor-column-gap-default\">\n\t\t\t\t\t<div class=\"elementor-column elementor-col-100 elementor-top-column elementor-element elementor-element-c4a1067\" data-id=\"c4a1067\" data-element_type=\"column\" data-e-type=\"column\">\n\t\t\t<div class=\"elementor-widget-wrap elementor-element-populated\">\n\t\t\t\t\t\t<div class=\"elementor-element elementor-element-d13f2d0 elementor-invisible elementor-widget elementor-widget-text-editor\" data-id=\"d13f2d0\" data-element_type=\"widget\" data-e-type=\"widget\" data-settings=\"{&quot;_animation&quot;:&quot;fadeInUp&quot;}\" data-widget_type=\"text-editor.default\">\n\t\t\t\t<div class=\"elementor-widget-container\">\n\t\t\t\t\t\t\t\t\t<p>Si est\u00e1s buscando casa y pensando en solicitar una hipoteca, puede que te preocupe recibir ofertas no solicitadas de otros prestamistas.<\/p>\t\t\t\t\t\t\t\t<\/div>\n\t\t\t\t<\/div>\n\t\t\t\t<div class=\"elementor-element elementor-element-8923ccd elementor-invisible elementor-widget elementor-widget-text-editor\" data-id=\"8923ccd\" data-element_type=\"widget\" data-e-type=\"widget\" data-settings=\"{&quot;_animation&quot;:&quot;fadeInUp&quot;}\" data-widget_type=\"text-editor.default\">\n\t\t\t\t<div class=\"elementor-widget-container\">\n\t\t\t\t\t\t\t\t\t<p><strong>Aqu\u00ed tienes algunas medidas proactivas que puedes tomar para proteger tu informaci\u00f3n y minimizar estos contactos no deseados:<\/strong><\/p>\t\t\t\t\t\t\t\t<\/div>\n\t\t\t\t<\/div>\n\t\t\t\t<div class=\"elementor-element elementor-element-5b44ab8 elementor-invisible elementor-widget elementor-widget-text-editor\" data-id=\"5b44ab8\" data-element_type=\"widget\" data-e-type=\"widget\" data-settings=\"{&quot;_animation&quot;:&quot;fadeInUp&quot;}\" data-widget_type=\"text-editor.default\">\n\t\t\t\t<div class=\"elementor-widget-container\">\n\t\t\t\t\t\t\t\t\t<h1><em><strong>EXCLUIRSE DE LAS OFERTAS PRESELECCIONADAS<\/strong><\/em><\/h1><p>Puedes evitar que tu informaci\u00f3n se venda a prestamistas visitando optoutprescreen.com o llamando al 1-888-5-OPT-OUT (888-567-8688). Esto te permitir\u00e1 excluirte durante cinco a\u00f1os o permanentemente. Ten en cuenta que pueden pasar hasta cinco d\u00edas hasta que se procese tu solicitud, y unas semanas hasta que cesen las ofertas preseleccionadas.  <\/p>\t\t\t\t\t\t\t\t<\/div>\n\t\t\t\t<\/div>\n\t\t\t\t<div class=\"elementor-element elementor-element-f4792da elementor-invisible elementor-widget elementor-widget-text-editor\" data-id=\"f4792da\" data-element_type=\"widget\" data-e-type=\"widget\" data-settings=\"{&quot;_animation&quot;:&quot;fadeInUp&quot;}\" data-widget_type=\"text-editor.default\">\n\t\t\t\t<div class=\"elementor-widget-container\">\n\t\t\t\t\t\t\t\t\t<h1><em><strong>REGISTRA TU N\u00daMERO DE TEL\u00c9FONO<\/strong><\/em><\/h1><p>Para evitar llamadas de ventas no deseadas, registra tu n\u00famero en donotcall.gov o llama al 1-888-382-1222. Este servicio puede tardar hasta 31 d\u00edas en hacerse efectivo, pero puede reducir significativamente las solicitudes no deseadas. <\/p>\t\t\t\t\t\t\t\t<\/div>\n\t\t\t\t<\/div>\n\t\t\t\t<div class=\"elementor-element elementor-element-84206bb elementor-invisible elementor-widget elementor-widget-text-editor\" data-id=\"84206bb\" data-element_type=\"widget\" data-e-type=\"widget\" data-settings=\"{&quot;_animation&quot;:&quot;fadeInUp&quot;}\" data-widget_type=\"text-editor.default\">\n\t\t\t\t<div class=\"elementor-widget-container\">\n\t\t\t\t\t\t\t\t\t<h1><em><strong>LIMITAR LAS SOLICITUDES DE CR\u00c9DITO<\/strong><\/em><\/h1>\nCuando busques una hipoteca, intenta limitar el n\u00famero de prestamistas a los que presentas una solicitud a la vez. M\u00faltiples consultas en un breve periodo de tiempo pueden levantar banderas rojas y dar lugar a m\u00e1s ofertas no solicitadas.   \t\t\t\t\t\t\t\t<\/div>\n\t\t\t\t<\/div>\n\t\t\t\t<div class=\"elementor-element elementor-element-5bd7065 elementor-invisible elementor-widget elementor-widget-text-editor\" data-id=\"5bd7065\" data-element_type=\"widget\" data-e-type=\"widget\" data-settings=\"{&quot;_animation&quot;:&quot;fadeInUp&quot;}\" data-widget_type=\"text-editor.default\">\n\t\t\t\t<div class=\"elementor-widget-container\">\n\t\t\t\t\t\t\t\t\t<h1><em><strong>COMUN\u00cdCATE CON TU PRESTAMISTA<\/strong><\/em><\/h1><p>Informa a tu prestamista hipotecario principal de que prefieres no recibir llamadas ni ofertas de marketing. Cuando solicitas un pr\u00e9stamo, se extrae tu informe crediticio como parte del proceso de aprobaci\u00f3n. A continuaci\u00f3n, las principales agencias de cr\u00e9dito venden tu informaci\u00f3n personal como clientes potenciales a prestamistas agresivos. Aunque puede ser dif\u00edcil evitar estas llamadas hasta que se apliquen normas m\u00e1s estrictas, podemos orientarte sobre las formas de reducir las llamadas no solicitadas.   <\/p>\t\t\t\t\t\t\t\t<\/div>\n\t\t\t\t<\/div>\n\t\t\t\t<div class=\"elementor-element elementor-element-a64cdea elementor-invisible elementor-widget elementor-widget-text-editor\" data-id=\"a64cdea\" data-element_type=\"widget\" data-e-type=\"widget\" data-settings=\"{&quot;_animation&quot;:&quot;fadeInUp&quot;}\" data-widget_type=\"text-editor.default\">\n\t\t\t\t<div class=\"elementor-widget-container\">\n\t\t\t\t\t\t\t\t\t<p><strong>Si tienes alguna pregunta o necesitas ayuda con el proceso hipotecario, \u00a1no dudes en ponerte en contacto con nosotros!  <\/strong><\/p>\t\t\t\t\t\t\t\t<\/div>\n\t\t\t\t<\/div>\n\t\t\t\t\t<\/div>\n\t\t<\/div>\n\t\t\t\t\t<\/div>\n\t\t<\/section>\n\t\t\t\t<section class=\"elementor-section elementor-top-section elementor-element elementor-element-48193c1 elementor-section-boxed elementor-section-height-default elementor-section-height-default\" data-id=\"48193c1\" data-element_type=\"section\" data-e-type=\"section\" data-settings=\"{&quot;_ha_eqh_enable&quot;:false}\">\n\t\t\t\t\t\t<div class=\"elementor-container elementor-column-gap-default\">\n\t\t\t\t\t<div class=\"elementor-column elementor-col-100 elementor-top-column elementor-element elementor-element-50c941e elementor-invisible\" data-id=\"50c941e\" data-element_type=\"column\" data-e-type=\"column\" data-settings=\"{&quot;animation&quot;:&quot;fadeInUp&quot;}\">\n\t\t\t<div class=\"elementor-widget-wrap elementor-element-populated\">\n\t\t\t\t\t\t<div class=\"elementor-element elementor-element-9358cd1 elementor-align-center elementor-widget elementor-widget-button\" data-id=\"9358cd1\" data-element_type=\"widget\" data-e-type=\"widget\" data-widget_type=\"button.default\">\n\t\t\t\t<div class=\"elementor-widget-container\">\n\t\t\t\t\t\t\t\t\t<div class=\"elementor-button-wrapper\">\n\t\t\t\t\t<a class=\"elementor-button elementor-button-link elementor-size-sm\" href=\"\/\">\n\t\t\t\t\t\t<span class=\"elementor-button-content-wrapper\">\n\t\t\t\t\t\t\t\t\t<span class=\"elementor-button-text\">VOLVER A CASA<\/span>\n\t\t\t\t\t<\/span>\n\t\t\t\t\t<\/a>\n\t\t\t\t<\/div>\n\t\t\t\t\t\t\t\t<\/div>\n\t\t\t\t<\/div>\n\t\t\t\t\t<\/div>\n\t\t<\/div>\n\t\t\t\t\t<\/div>\n\t\t<\/section>\n\t\t\t\t<\/div>\n\t\t","protected":false},"excerpt":{"rendered":"<p>C\u00d3MO EVITAR OFERTAS NO SOLICITADAS DE OTROS PRESTAMISTAS Si est\u00e1s buscando casa y pensando en solicitar una hipoteca, puede que te preocupe recibir ofertas no solicitadas de otros prestamistas. Aqu\u00ed tienes algunas medidas proactivas que puedes tomar para proteger tu informaci\u00f3n y minimizar estos contactos no deseados: EXCLUIRSE DE LAS OFERTAS PRESELECCIONADAS Puedes evitar que [&hellip;]<\/p>\n","protected":false},"author":3,"featured_media":0,"parent":0,"menu_order":0,"comment_status":"closed","ping_status":"open","template":"","meta":{"footnotes":""},"class_list":["post-51309","page","type-page","status-publish","hentry"],"yoast_head":"<!-- This site is optimized with the Yoast SEO plugin v27.4 - https:\/\/yoast.com\/product\/yoast-seo-wordpress\/ -->\n<title>C\u00d3MO EVITAR OFERTAS NO SOLICITADAS DE OTROS PRESTAMISTAS - Eustis Mortgage<\/title>\n<meta name=\"robots\" content=\"index, follow, max-snippet:-1, max-image-preview:large, max-video-preview:-1\" \/>\n<link rel=\"canonical\" href=\"https:\/\/eustismortgage.com\/es\/como-evitar-ofertas-no-solicitadas-de-otros-prestamistas\/\" \/>\n<meta property=\"og:locale\" content=\"es_ES\" \/>\n<meta property=\"og:type\" content=\"article\" \/>\n<meta property=\"og:title\" content=\"C\u00d3MO EVITAR OFERTAS NO SOLICITADAS DE OTROS PRESTAMISTAS - Eustis Mortgage\" \/>\n<meta property=\"og:description\" content=\"C\u00d3MO EVITAR OFERTAS NO SOLICITADAS DE OTROS PRESTAMISTAS Si est\u00e1s buscando casa y pensando en solicitar una hipoteca, puede que te preocupe recibir ofertas no solicitadas de otros prestamistas. Aqu\u00ed tienes algunas medidas proactivas que puedes tomar para proteger tu informaci\u00f3n y minimizar estos contactos no deseados: EXCLUIRSE DE LAS OFERTAS PRESELECCIONADAS Puedes evitar que [&hellip;]\" \/>\n<meta property=\"og:url\" content=\"https:\/\/eustismortgage.com\/es\/como-evitar-ofertas-no-solicitadas-de-otros-prestamistas\/\" \/>\n<meta property=\"og:site_name\" content=\"Eustis Mortgage\" \/>\n<meta property=\"article:modified_time\" content=\"2025-07-24T19:47:47+00:00\" \/>\n<meta name=\"twitter:card\" content=\"summary_large_image\" \/>\n<meta name=\"twitter:label1\" content=\"Tiempo de lectura\" \/>\n\t<meta name=\"twitter:data1\" content=\"2 minutos\" \/>\n<script type=\"application\/ld+json\" class=\"yoast-schema-graph\">{\"@context\":\"https:\\\/\\\/schema.org\",\"@graph\":[{\"@type\":\"WebPage\",\"@id\":\"https:\\\/\\\/eustismortgage.com\\\/es\\\/como-evitar-ofertas-no-solicitadas-de-otros-prestamistas\\\/\",\"url\":\"https:\\\/\\\/eustismortgage.com\\\/es\\\/como-evitar-ofertas-no-solicitadas-de-otros-prestamistas\\\/\",\"name\":\"C\u00d3MO EVITAR OFERTAS NO SOLICITADAS DE OTROS PRESTAMISTAS - Eustis Mortgage\",\"isPartOf\":{\"@id\":\"https:\\\/\\\/eustismortgage.com\\\/en\\\/#website\"},\"datePublished\":\"2024-11-08T15:00:54+00:00\",\"dateModified\":\"2025-07-24T19:47:47+00:00\",\"breadcrumb\":{\"@id\":\"https:\\\/\\\/eustismortgage.com\\\/es\\\/como-evitar-ofertas-no-solicitadas-de-otros-prestamistas\\\/#breadcrumb\"},\"inLanguage\":\"es\",\"potentialAction\":[{\"@type\":\"ReadAction\",\"target\":[\"https:\\\/\\\/eustismortgage.com\\\/es\\\/como-evitar-ofertas-no-solicitadas-de-otros-prestamistas\\\/\"]}]},{\"@type\":\"BreadcrumbList\",\"@id\":\"https:\\\/\\\/eustismortgage.com\\\/es\\\/como-evitar-ofertas-no-solicitadas-de-otros-prestamistas\\\/#breadcrumb\",\"itemListElement\":[{\"@type\":\"ListItem\",\"position\":1,\"name\":\"Home\",\"item\":\"https:\\\/\\\/eustismortgage.com\\\/es\\\/inicio\\\/\"},{\"@type\":\"ListItem\",\"position\":2,\"name\":\"C\u00d3MO EVITAR OFERTAS NO SOLICITADAS DE OTROS PRESTAMISTAS\"}]},{\"@type\":\"WebSite\",\"@id\":\"https:\\\/\\\/eustismortgage.com\\\/en\\\/#website\",\"url\":\"https:\\\/\\\/eustismortgage.com\\\/en\\\/\",\"name\":\"Eustis Mortgage\",\"description\":\"EM\",\"publisher\":{\"@id\":\"https:\\\/\\\/eustismortgage.com\\\/en\\\/#organization\"},\"potentialAction\":[{\"@type\":\"SearchAction\",\"target\":{\"@type\":\"EntryPoint\",\"urlTemplate\":\"https:\\\/\\\/eustismortgage.com\\\/en\\\/?s={search_term_string}\"},\"query-input\":{\"@type\":\"PropertyValueSpecification\",\"valueRequired\":true,\"valueName\":\"search_term_string\"}}],\"inLanguage\":\"es\"},{\"@type\":\"Organization\",\"@id\":\"https:\\\/\\\/eustismortgage.com\\\/en\\\/#organization\",\"name\":\"Eustis Mortgage\",\"url\":\"https:\\\/\\\/eustismortgage.com\\\/en\\\/\",\"logo\":{\"@type\":\"ImageObject\",\"inLanguage\":\"es\",\"@id\":\"https:\\\/\\\/eustismortgage.com\\\/en\\\/#\\\/schema\\\/logo\\\/image\\\/\",\"url\":\"https:\\\/\\\/eustismortgage.com\\\/wp-content\\\/uploads\\\/2025\\\/01\\\/Eustis-Mortage-Logo.png\",\"contentUrl\":\"https:\\\/\\\/eustismortgage.com\\\/wp-content\\\/uploads\\\/2025\\\/01\\\/Eustis-Mortage-Logo.png\",\"width\":2160,\"height\":824,\"caption\":\"Eustis Mortgage\"},\"image\":{\"@id\":\"https:\\\/\\\/eustismortgage.com\\\/en\\\/#\\\/schema\\\/logo\\\/image\\\/\"}}]}<\/script>\n<!-- \/ Yoast SEO plugin. -->","yoast_head_json":{"title":"C\u00d3MO EVITAR OFERTAS NO SOLICITADAS DE OTROS PRESTAMISTAS - Eustis Mortgage","robots":{"index":"index","follow":"follow","max-snippet":"max-snippet:-1","max-image-preview":"max-image-preview:large","max-video-preview":"max-video-preview:-1"},"canonical":"https:\/\/eustismortgage.com\/es\/como-evitar-ofertas-no-solicitadas-de-otros-prestamistas\/","og_locale":"es_ES","og_type":"article","og_title":"C\u00d3MO EVITAR OFERTAS NO SOLICITADAS DE OTROS PRESTAMISTAS - Eustis Mortgage","og_description":"C\u00d3MO EVITAR OFERTAS NO SOLICITADAS DE OTROS PRESTAMISTAS Si est\u00e1s buscando casa y pensando en solicitar una hipoteca, puede que te preocupe recibir ofertas no solicitadas de otros prestamistas. Aqu\u00ed tienes algunas medidas proactivas que puedes tomar para proteger tu informaci\u00f3n y minimizar estos contactos no deseados: EXCLUIRSE DE LAS OFERTAS PRESELECCIONADAS Puedes evitar que [&hellip;]","og_url":"https:\/\/eustismortgage.com\/es\/como-evitar-ofertas-no-solicitadas-de-otros-prestamistas\/","og_site_name":"Eustis Mortgage","article_modified_time":"2025-07-24T19:47:47+00:00","twitter_card":"summary_large_image","twitter_misc":{"Tiempo de lectura":"2 minutos"},"schema":{"@context":"https:\/\/schema.org","@graph":[{"@type":"WebPage","@id":"https:\/\/eustismortgage.com\/es\/como-evitar-ofertas-no-solicitadas-de-otros-prestamistas\/","url":"https:\/\/eustismortgage.com\/es\/como-evitar-ofertas-no-solicitadas-de-otros-prestamistas\/","name":"C\u00d3MO EVITAR OFERTAS NO SOLICITADAS DE OTROS PRESTAMISTAS - Eustis Mortgage","isPartOf":{"@id":"https:\/\/eustismortgage.com\/en\/#website"},"datePublished":"2024-11-08T15:00:54+00:00","dateModified":"2025-07-24T19:47:47+00:00","breadcrumb":{"@id":"https:\/\/eustismortgage.com\/es\/como-evitar-ofertas-no-solicitadas-de-otros-prestamistas\/#breadcrumb"},"inLanguage":"es","potentialAction":[{"@type":"ReadAction","target":["https:\/\/eustismortgage.com\/es\/como-evitar-ofertas-no-solicitadas-de-otros-prestamistas\/"]}]},{"@type":"BreadcrumbList","@id":"https:\/\/eustismortgage.com\/es\/como-evitar-ofertas-no-solicitadas-de-otros-prestamistas\/#breadcrumb","itemListElement":[{"@type":"ListItem","position":1,"name":"Home","item":"https:\/\/eustismortgage.com\/es\/inicio\/"},{"@type":"ListItem","position":2,"name":"C\u00d3MO EVITAR OFERTAS NO SOLICITADAS DE OTROS PRESTAMISTAS"}]},{"@type":"WebSite","@id":"https:\/\/eustismortgage.com\/en\/#website","url":"https:\/\/eustismortgage.com\/en\/","name":"Eustis Mortgage","description":"EM","publisher":{"@id":"https:\/\/eustismortgage.com\/en\/#organization"},"potentialAction":[{"@type":"SearchAction","target":{"@type":"EntryPoint","urlTemplate":"https:\/\/eustismortgage.com\/en\/?s={search_term_string}"},"query-input":{"@type":"PropertyValueSpecification","valueRequired":true,"valueName":"search_term_string"}}],"inLanguage":"es"},{"@type":"Organization","@id":"https:\/\/eustismortgage.com\/en\/#organization","name":"Eustis Mortgage","url":"https:\/\/eustismortgage.com\/en\/","logo":{"@type":"ImageObject","inLanguage":"es","@id":"https:\/\/eustismortgage.com\/en\/#\/schema\/logo\/image\/","url":"https:\/\/eustismortgage.com\/wp-content\/uploads\/2025\/01\/Eustis-Mortage-Logo.png","contentUrl":"https:\/\/eustismortgage.com\/wp-content\/uploads\/2025\/01\/Eustis-Mortage-Logo.png","width":2160,"height":824,"caption":"Eustis Mortgage"},"image":{"@id":"https:\/\/eustismortgage.com\/en\/#\/schema\/logo\/image\/"}}]}},"_links":{"self":[{"href":"https:\/\/eustismortgage.com\/es\/wp-json\/wp\/v2\/pages\/51309","targetHints":{"allow":["GET"]}}],"collection":[{"href":"https:\/\/eustismortgage.com\/es\/wp-json\/wp\/v2\/pages"}],"about":[{"href":"https:\/\/eustismortgage.com\/es\/wp-json\/wp\/v2\/types\/page"}],"author":[{"embeddable":true,"href":"https:\/\/eustismortgage.com\/es\/wp-json\/wp\/v2\/users\/3"}],"replies":[{"embeddable":true,"href":"https:\/\/eustismortgage.com\/es\/wp-json\/wp\/v2\/comments?post=51309"}],"version-history":[{"count":3,"href":"https:\/\/eustismortgage.com\/es\/wp-json\/wp\/v2\/pages\/51309\/revisions"}],"predecessor-version":[{"id":53011,"href":"https:\/\/eustismortgage.com\/es\/wp-json\/wp\/v2\/pages\/51309\/revisions\/53011"}],"wp:attachment":[{"href":"https:\/\/eustismortgage.com\/es\/wp-json\/wp\/v2\/media?parent=51309"}],"curies":[{"name":"wp","href":"https:\/\/api.w.org\/{rel}","templated":true}]}}